{"id":11425,"date":"2025-09-07T19:40:24","date_gmt":"2025-09-07T17:40:24","guid":{"rendered":"https:\/\/webovkykladno.cz\/alabio\/?page_id=11425"},"modified":"2025-09-07T19:45:42","modified_gmt":"2025-09-07T17:45:42","slug":"media","status":"publish","type":"page","link":"https:\/\/webovkykladno.cz\/alabio\/media\/","title":{"rendered":"M\u00e9dia"},"content":{"rendered":"\t\t<div data-elementor-type=\"wp-page\" data-elementor-id=\"11425\" class=\"elementor elementor-11425\">\n\t\t\t\t\t\t<section class=\"elementor-section elementor-top-section elementor-element elementor-element-1e59634 elementor-section-stretched elementor-section-boxed elementor-section-height-default elementor-section-height-default\" data-id=\"1e59634\" data-element_type=\"section\" data-settings=\"{&quot;stretch_section&quot;:&quot;section-stretched&quot;}\">\n\t\t\t\t\t\t<div class=\"elementor-container elementor-column-gap-default\">\n\t\t\t\t\t<div class=\"elementor-column elementor-col-100 elementor-top-column elementor-element elementor-element-1d1e359\" data-id=\"1d1e359\" data-element_type=\"column\">\n\t\t\t<div class=\"elementor-widget-wrap elementor-element-populated\">\n\t\t\t\t\t\t<div class=\"elementor-element elementor-element-5529938 elementor-widget elementor-widget-heading\" data-id=\"5529938\" data-element_type=\"widget\" data-widget_type=\"heading.default\">\n\t\t\t\t\t<div class=\"elementor-heading-title elementor-size-default\">Napsali o n\u00e1s<\/div>\t\t\t\t<\/div>\n\t\t\t\t<div class=\"elementor-element elementor-element-50019bd elementor-widget elementor-widget-text-editor\" data-id=\"50019bd\" data-element_type=\"widget\" data-widget_type=\"text-editor.default\">\n\t\t\t\t\t\t\t\t\t<p>Kde v\u0161ude se o n\u00e1s psalo?<\/p><p style=\"text-align: justify;\">Statuss, TopClass, Zdrav\u00fd \u017eivotn\u00ed styl, Zdrav\u00ed,\u2026 \u010das od \u010dasu se n\u011bjak\u00fdm online i offline m\u00e9diem mihneme. Tady jsme v\u00e1m nachystali v\u00fdb\u011br toho nej.<\/p>\t\t\t\t\t\t\t\t<\/div>\n\t\t\t\t\t<\/div>\n\t\t<\/div>\n\t\t\t\t\t<\/div>\n\t\t<\/section>\n\t\t<div class=\"elementor-element elementor-element-76c787f e-flex e-con-boxed e-con e-parent\" data-id=\"76c787f\" data-element_type=\"container\">\n\t\t\t\t\t<div class=\"e-con-inner\">\n\t\t<div class=\"elementor-element elementor-element-8a3e870 e-con-full e-flex e-con e-child\" data-id=\"8a3e870\" data-element_type=\"container\">\n\t\t\t\t<div class=\"elementor-element elementor-element-871000e elementor-widget elementor-widget-image\" data-id=\"871000e\" data-element_type=\"widget\" data-widget_type=\"image.default\">\n\t\t\t\t\t\t\t\t\t\t\t\t\t\t\t<img fetchpriority=\"high\" decoding=\"async\" width=\"640\" height=\"931\" src=\"https:\/\/webovkykladno.cz\/alabio\/wp-content\/uploads\/2025\/09\/statuss2-704x1024.jpg\" class=\"attachment-large size-large wp-image-11430\" alt=\"\" srcset=\"https:\/\/webovkykladno.cz\/alabio\/wp-content\/uploads\/2025\/09\/statuss2-704x1024.jpg 704w, https:\/\/webovkykladno.cz\/alabio\/wp-content\/uploads\/2025\/09\/statuss2-206x300.jpg 206w, https:\/\/webovkykladno.cz\/alabio\/wp-content\/uploads\/2025\/09\/statuss2-768x1117.jpg 768w, https:\/\/webovkykladno.cz\/alabio\/wp-content\/uploads\/2025\/09\/statuss2-600x873.jpg 600w, https:\/\/webovkykladno.cz\/alabio\/wp-content\/uploads\/2025\/09\/statuss2-300x436.jpg 300w, https:\/\/webovkykladno.cz\/alabio\/wp-content\/uploads\/2025\/09\/statuss2.jpg 1043w\" sizes=\"(max-width: 640px) 100vw, 640px\" \/>\t\t\t\t\t\t\t\t\t\t\t\t\t\t\t<\/div>\n\t\t\t\t<\/div>\n\t\t<div class=\"elementor-element elementor-element-03da25f e-con-full e-flex e-con e-child\" data-id=\"03da25f\" data-element_type=\"container\">\n\t\t\t\t<div class=\"elementor-element elementor-element-44c9a34 elementor-widget elementor-widget-image\" data-id=\"44c9a34\" data-element_type=\"widget\" data-widget_type=\"image.default\">\n\t\t\t\t\t\t\t\t\t\t\t\t\t\t\t<img decoding=\"async\" width=\"640\" height=\"931\" src=\"https:\/\/webovkykladno.cz\/alabio\/wp-content\/uploads\/2025\/09\/statuss1-704x1024.jpg\" class=\"attachment-large size-large wp-image-11431\" alt=\"\" srcset=\"https:\/\/webovkykladno.cz\/alabio\/wp-content\/uploads\/2025\/09\/statuss1-704x1024.jpg 704w, https:\/\/webovkykladno.cz\/alabio\/wp-content\/uploads\/2025\/09\/statuss1-206x300.jpg 206w, https:\/\/webovkykladno.cz\/alabio\/wp-content\/uploads\/2025\/09\/statuss1-768x1117.jpg 768w, https:\/\/webovkykladno.cz\/alabio\/wp-content\/uploads\/2025\/09\/statuss1-600x873.jpg 600w, https:\/\/webovkykladno.cz\/alabio\/wp-content\/uploads\/2025\/09\/statuss1-300x436.jpg 300w, https:\/\/webovkykladno.cz\/alabio\/wp-content\/uploads\/2025\/09\/statuss1.jpg 1043w\" sizes=\"(max-width: 640px) 100vw, 640px\" \/>\t\t\t\t\t\t\t\t\t\t\t\t\t\t\t<\/div>\n\t\t\t\t<\/div>\n\t\t\t\t\t<\/div>\n\t\t\t\t<\/div>\n\t\t<div class=\"elementor-element elementor-element-405a566 e-flex e-con-boxed e-con e-parent\" data-id=\"405a566\" data-element_type=\"container\">\n\t\t\t\t\t<div class=\"e-con-inner\">\n\t\t<div class=\"elementor-element elementor-element-52768f6 e-con-full e-flex e-con e-child\" data-id=\"52768f6\" data-element_type=\"container\">\n\t\t\t\t<div class=\"elementor-element elementor-element-d6de438 elementor-widget elementor-widget-image\" data-id=\"d6de438\" data-element_type=\"widget\" data-widget_type=\"image.default\">\n\t\t\t\t\t\t\t\t\t\t\t\t\t\t\t<img decoding=\"async\" width=\"640\" height=\"884\" src=\"https:\/\/webovkykladno.cz\/alabio\/wp-content\/uploads\/2025\/09\/IMG_0480-1-1112x1536-1-741x1024.jpg\" class=\"attachment-large size-large wp-image-11437\" alt=\"\" srcset=\"https:\/\/webovkykladno.cz\/alabio\/wp-content\/uploads\/2025\/09\/IMG_0480-1-1112x1536-1-741x1024.jpg 741w, https:\/\/webovkykladno.cz\/alabio\/wp-content\/uploads\/2025\/09\/IMG_0480-1-1112x1536-1-217x300.jpg 217w, https:\/\/webovkykladno.cz\/alabio\/wp-content\/uploads\/2025\/09\/IMG_0480-1-1112x1536-1-768x1061.jpg 768w, https:\/\/webovkykladno.cz\/alabio\/wp-content\/uploads\/2025\/09\/IMG_0480-1-1112x1536-1-600x829.jpg 600w, https:\/\/webovkykladno.cz\/alabio\/wp-content\/uploads\/2025\/09\/IMG_0480-1-1112x1536-1-300x414.jpg 300w, https:\/\/webovkykladno.cz\/alabio\/wp-content\/uploads\/2025\/09\/IMG_0480-1-1112x1536-1.jpg 1112w\" sizes=\"(max-width: 640px) 100vw, 640px\" \/>\t\t\t\t\t\t\t\t\t\t\t\t\t\t\t<\/div>\n\t\t\t\t<\/div>\n\t\t<div class=\"elementor-element elementor-element-78e623f e-con-full e-flex e-con e-child\" data-id=\"78e623f\" data-element_type=\"container\">\n\t\t\t\t<div class=\"elementor-element elementor-element-3fc6d12 elementor-widget elementor-widget-image\" data-id=\"3fc6d12\" data-element_type=\"widget\" data-widget_type=\"image.default\">\n\t\t\t\t\t\t\t\t\t\t\t\t\t\t\t<img loading=\"lazy\" decoding=\"async\" width=\"640\" height=\"884\" src=\"https:\/\/webovkykladno.cz\/alabio\/wp-content\/uploads\/2025\/09\/topclass2-741x1024.jpg\" class=\"attachment-large size-large wp-image-11438\" alt=\"\" srcset=\"https:\/\/webovkykladno.cz\/alabio\/wp-content\/uploads\/2025\/09\/topclass2-741x1024.jpg 741w, https:\/\/webovkykladno.cz\/alabio\/wp-content\/uploads\/2025\/09\/topclass2-217x300.jpg 217w, https:\/\/webovkykladno.cz\/alabio\/wp-content\/uploads\/2025\/09\/topclass2-768x1061.jpg 768w, https:\/\/webovkykladno.cz\/alabio\/wp-content\/uploads\/2025\/09\/topclass2-600x829.jpg 600w, https:\/\/webovkykladno.cz\/alabio\/wp-content\/uploads\/2025\/09\/topclass2-300x414.jpg 300w, https:\/\/webovkykladno.cz\/alabio\/wp-content\/uploads\/2025\/09\/topclass2.jpg 1112w\" sizes=\"(max-width: 640px) 100vw, 640px\" \/>\t\t\t\t\t\t\t\t\t\t\t\t\t\t\t<\/div>\n\t\t\t\t<\/div>\n\t\t\t\t\t<\/div>\n\t\t\t\t<\/div>\n\t\t<div class=\"elementor-element elementor-element-531d603 e-flex e-con-boxed e-con e-parent\" data-id=\"531d603\" data-element_type=\"container\">\n\t\t\t\t\t<div class=\"e-con-inner\">\n\t\t<div class=\"elementor-element elementor-element-c122ddb e-con-full e-flex e-con e-child\" data-id=\"c122ddb\" data-element_type=\"container\">\n\t\t\t\t<div class=\"elementor-element elementor-element-2850e57 elementor-widget elementor-widget-image\" data-id=\"2850e57\" data-element_type=\"widget\" data-widget_type=\"image.default\">\n\t\t\t\t\t\t\t\t\t\t\t\t\t\t\t<img loading=\"lazy\" decoding=\"async\" width=\"640\" height=\"884\" src=\"https:\/\/webovkykladno.cz\/alabio\/wp-content\/uploads\/2025\/09\/IMG_0490-1-1112x1536-1-741x1024.jpg\" class=\"attachment-large size-large wp-image-11440\" alt=\"\" srcset=\"https:\/\/webovkykladno.cz\/alabio\/wp-content\/uploads\/2025\/09\/IMG_0490-1-1112x1536-1-741x1024.jpg 741w, https:\/\/webovkykladno.cz\/alabio\/wp-content\/uploads\/2025\/09\/IMG_0490-1-1112x1536-1-217x300.jpg 217w, https:\/\/webovkykladno.cz\/alabio\/wp-content\/uploads\/2025\/09\/IMG_0490-1-1112x1536-1-768x1061.jpg 768w, https:\/\/webovkykladno.cz\/alabio\/wp-content\/uploads\/2025\/09\/IMG_0490-1-1112x1536-1-600x829.jpg 600w, https:\/\/webovkykladno.cz\/alabio\/wp-content\/uploads\/2025\/09\/IMG_0490-1-1112x1536-1-300x414.jpg 300w, https:\/\/webovkykladno.cz\/alabio\/wp-content\/uploads\/2025\/09\/IMG_0490-1-1112x1536-1.jpg 1112w\" sizes=\"(max-width: 640px) 100vw, 640px\" \/>\t\t\t\t\t\t\t\t\t\t\t\t\t\t\t<\/div>\n\t\t\t\t<\/div>\n\t\t<div class=\"elementor-element elementor-element-89ba6ec e-con-full e-flex e-con e-child\" data-id=\"89ba6ec\" data-element_type=\"container\">\n\t\t\t\t<div class=\"elementor-element elementor-element-064bfd4 elementor-widget elementor-widget-image\" data-id=\"064bfd4\" data-element_type=\"widget\" data-widget_type=\"image.default\">\n\t\t\t\t\t\t\t\t\t\t\t\t\t\t\t<img loading=\"lazy\" decoding=\"async\" width=\"640\" height=\"884\" src=\"https:\/\/webovkykladno.cz\/alabio\/wp-content\/uploads\/2025\/09\/Clipboard01-1112x1536-1-741x1024.png\" class=\"attachment-large size-large wp-image-11439\" alt=\"\" srcset=\"https:\/\/webovkykladno.cz\/alabio\/wp-content\/uploads\/2025\/09\/Clipboard01-1112x1536-1-741x1024.png 741w, https:\/\/webovkykladno.cz\/alabio\/wp-content\/uploads\/2025\/09\/Clipboard01-1112x1536-1-217x300.png 217w, https:\/\/webovkykladno.cz\/alabio\/wp-content\/uploads\/2025\/09\/Clipboard01-1112x1536-1-768x1061.png 768w, https:\/\/webovkykladno.cz\/alabio\/wp-content\/uploads\/2025\/09\/Clipboard01-1112x1536-1-600x829.png 600w, https:\/\/webovkykladno.cz\/alabio\/wp-content\/uploads\/2025\/09\/Clipboard01-1112x1536-1-300x414.png 300w, https:\/\/webovkykladno.cz\/alabio\/wp-content\/uploads\/2025\/09\/Clipboard01-1112x1536-1.png 1112w\" sizes=\"(max-width: 640px) 100vw, 640px\" \/>\t\t\t\t\t\t\t\t\t\t\t\t\t\t\t<\/div>\n\t\t\t\t<\/div>\n\t\t\t\t\t<\/div>\n\t\t\t\t<\/div>\n\t\t<div class=\"elementor-element elementor-element-f6dfd1f e-flex e-con-boxed e-con e-parent\" data-id=\"f6dfd1f\" data-element_type=\"container\">\n\t\t\t\t\t<div class=\"e-con-inner\">\n\t\t<div class=\"elementor-element elementor-element-0ce1174 e-con-full e-flex e-con e-child\" data-id=\"0ce1174\" data-element_type=\"container\">\n\t\t\t\t<div class=\"elementor-element elementor-element-21d7fdb elementor-widget elementor-widget-image\" data-id=\"21d7fdb\" data-element_type=\"widget\" data-widget_type=\"image.default\">\n\t\t\t\t\t\t\t\t\t\t\t\t\t\t\t<img loading=\"lazy\" decoding=\"async\" width=\"640\" height=\"884\" src=\"https:\/\/webovkykladno.cz\/alabio\/wp-content\/uploads\/2025\/09\/IMG_0474-1112x1536-1-741x1024.jpg\" class=\"attachment-large size-large wp-image-11445\" alt=\"\" srcset=\"https:\/\/webovkykladno.cz\/alabio\/wp-content\/uploads\/2025\/09\/IMG_0474-1112x1536-1-741x1024.jpg 741w, https:\/\/webovkykladno.cz\/alabio\/wp-content\/uploads\/2025\/09\/IMG_0474-1112x1536-1-217x300.jpg 217w, https:\/\/webovkykladno.cz\/alabio\/wp-content\/uploads\/2025\/09\/IMG_0474-1112x1536-1-768x1061.jpg 768w, https:\/\/webovkykladno.cz\/alabio\/wp-content\/uploads\/2025\/09\/IMG_0474-1112x1536-1-600x829.jpg 600w, https:\/\/webovkykladno.cz\/alabio\/wp-content\/uploads\/2025\/09\/IMG_0474-1112x1536-1-300x414.jpg 300w, https:\/\/webovkykladno.cz\/alabio\/wp-content\/uploads\/2025\/09\/IMG_0474-1112x1536-1.jpg 1112w\" sizes=\"(max-width: 640px) 100vw, 640px\" \/>\t\t\t\t\t\t\t\t\t\t\t\t\t\t\t<\/div>\n\t\t\t\t<\/div>\n\t\t<div class=\"elementor-element elementor-element-0762de5 e-con-full e-flex e-con e-child\" data-id=\"0762de5\" data-element_type=\"container\">\n\t\t\t\t<div class=\"elementor-element elementor-element-8b96615 elementor-widget elementor-widget-image\" data-id=\"8b96615\" data-element_type=\"widget\" data-widget_type=\"image.default\">\n\t\t\t\t\t\t\t\t\t\t\t\t\t\t\t<img loading=\"lazy\" decoding=\"async\" width=\"640\" height=\"875\" src=\"https:\/\/webovkykladno.cz\/alabio\/wp-content\/uploads\/2025\/09\/IMG_0476-749x1024.jpg\" class=\"attachment-large size-large wp-image-11444\" alt=\"\" srcset=\"https:\/\/webovkykladno.cz\/alabio\/wp-content\/uploads\/2025\/09\/IMG_0476-749x1024.jpg 749w, https:\/\/webovkykladno.cz\/alabio\/wp-content\/uploads\/2025\/09\/IMG_0476-219x300.jpg 219w, https:\/\/webovkykladno.cz\/alabio\/wp-content\/uploads\/2025\/09\/IMG_0476-768x1050.jpg 768w, https:\/\/webovkykladno.cz\/alabio\/wp-content\/uploads\/2025\/09\/IMG_0476-1123x1536.jpg 1123w, https:\/\/webovkykladno.cz\/alabio\/wp-content\/uploads\/2025\/09\/IMG_0476-600x821.jpg 600w, https:\/\/webovkykladno.cz\/alabio\/wp-content\/uploads\/2025\/09\/IMG_0476-300x410.jpg 300w, https:\/\/webovkykladno.cz\/alabio\/wp-content\/uploads\/2025\/09\/IMG_0476.jpg 1284w\" sizes=\"(max-width: 640px) 100vw, 640px\" \/>\t\t\t\t\t\t\t\t\t\t\t\t\t\t\t<\/div>\n\t\t\t\t<\/div>\n\t\t\t\t\t<\/div>\n\t\t\t\t<\/div>\n\t\t<div class=\"elementor-element elementor-element-6b3ec42 e-flex e-con-boxed e-con e-parent\" data-id=\"6b3ec42\" data-element_type=\"container\">\n\t\t\t\t\t<div class=\"e-con-inner\">\n\t\t<div class=\"elementor-element elementor-element-6d6f023 e-con-full e-flex e-con e-child\" data-id=\"6d6f023\" data-element_type=\"container\">\n\t\t\t\t<div class=\"elementor-element elementor-element-fdfa4df elementor-widget elementor-widget-image\" data-id=\"fdfa4df\" data-element_type=\"widget\" data-widget_type=\"image.default\">\n\t\t\t\t\t\t\t\t\t\t\t\t\t\t\t<img loading=\"lazy\" decoding=\"async\" width=\"640\" height=\"884\" src=\"https:\/\/webovkykladno.cz\/alabio\/wp-content\/uploads\/2025\/09\/mojerodina-741x1024.jpg\" class=\"attachment-large size-large wp-image-11432\" alt=\"\" srcset=\"https:\/\/webovkykladno.cz\/alabio\/wp-content\/uploads\/2025\/09\/mojerodina-741x1024.jpg 741w, https:\/\/webovkykladno.cz\/alabio\/wp-content\/uploads\/2025\/09\/mojerodina-217x300.jpg 217w, https:\/\/webovkykladno.cz\/alabio\/wp-content\/uploads\/2025\/09\/mojerodina-768x1061.jpg 768w, https:\/\/webovkykladno.cz\/alabio\/wp-content\/uploads\/2025\/09\/mojerodina-600x829.jpg 600w, https:\/\/webovkykladno.cz\/alabio\/wp-content\/uploads\/2025\/09\/mojerodina-300x414.jpg 300w, https:\/\/webovkykladno.cz\/alabio\/wp-content\/uploads\/2025\/09\/mojerodina.jpg 1112w\" sizes=\"(max-width: 640px) 100vw, 640px\" \/>\t\t\t\t\t\t\t\t\t\t\t\t\t\t\t<\/div>\n\t\t\t\t<\/div>\n\t\t<div class=\"elementor-element elementor-element-4c5dffb e-con-full e-flex e-con e-child\" data-id=\"4c5dffb\" data-element_type=\"container\">\n\t\t\t\t<div class=\"elementor-element elementor-element-a41cc62 elementor-widget elementor-widget-image\" data-id=\"a41cc62\" data-element_type=\"widget\" data-widget_type=\"image.default\">\n\t\t\t\t\t\t\t\t\t\t\t\t\t\t\t<img loading=\"lazy\" decoding=\"async\" width=\"640\" height=\"424\" src=\"https:\/\/webovkykladno.cz\/alabio\/wp-content\/uploads\/2025\/09\/mojerodna2-1024x678.jpg\" class=\"attachment-large size-large wp-image-11433\" alt=\"\" srcset=\"https:\/\/webovkykladno.cz\/alabio\/wp-content\/uploads\/2025\/09\/mojerodna2-1024x678.jpg 1024w, https:\/\/webovkykladno.cz\/alabio\/wp-content\/uploads\/2025\/09\/mojerodna2-300x199.jpg 300w, https:\/\/webovkykladno.cz\/alabio\/wp-content\/uploads\/2025\/09\/mojerodna2-768x508.jpg 768w, https:\/\/webovkykladno.cz\/alabio\/wp-content\/uploads\/2025\/09\/mojerodna2-600x397.jpg 600w, https:\/\/webovkykladno.cz\/alabio\/wp-content\/uploads\/2025\/09\/mojerodna2.jpg 1441w\" sizes=\"(max-width: 640px) 100vw, 640px\" \/>\t\t\t\t\t\t\t\t\t\t\t\t\t\t\t<\/div>\n\t\t\t\t<\/div>\n\t\t\t\t\t<\/div>\n\t\t\t\t<\/div>\n\t\t\t\t<section class=\"elementor-section elementor-top-section elementor-element elementor-element-f315338 elementor-section-stretched elementor-section-boxed elementor-section-height-default elementor-section-height-default\" data-id=\"f315338\" data-element_type=\"section\" data-settings=\"{&quot;stretch_section&quot;:&quot;section-stretched&quot;}\">\n\t\t\t\t\t\t<div class=\"elementor-container elementor-column-gap-default\">\n\t\t\t\t\t<div class=\"elementor-column elementor-col-100 elementor-top-column elementor-element elementor-element-6b51dde\" data-id=\"6b51dde\" data-element_type=\"column\" data-settings=\"{&quot;background_background&quot;:&quot;classic&quot;}\">\n\t\t\t<div class=\"elementor-widget-wrap elementor-element-populated\">\n\t\t\t\t\t\t<section class=\"elementor-section elementor-inner-section elementor-element elementor-element-98866d5 elementor-section-full_width elementor-section-height-default elementor-section-height-default\" data-id=\"98866d5\" data-element_type=\"section\">\n\t\t\t\t\t\t\t<div class=\"elementor-background-overlay\"><\/div>\n\t\t\t\t\t\t\t<div class=\"elementor-container elementor-column-gap-default\">\n\t\t\t\t\t<div class=\"elementor-column elementor-col-50 elementor-inner-column elementor-element elementor-element-7afa9ff\" data-id=\"7afa9ff\" data-element_type=\"column\">\n\t\t\t<div class=\"elementor-widget-wrap elementor-element-populated\">\n\t\t\t\t\t\t<div class=\"elementor-element elementor-element-8fbd747 elementor-widget elementor-widget-image\" data-id=\"8fbd747\" data-element_type=\"widget\" data-widget_type=\"image.default\">\n\t\t\t\t\t\t\t\t\t\t\t\t\t\t\t<img loading=\"lazy\" decoding=\"async\" width=\"206\" height=\"212\" src=\"https:\/\/webovkykladno.cz\/alabio\/wp-content\/uploads\/2024\/12\/quote.png\" class=\"attachment-full size-full wp-image-11038\" alt=\"\" \/>\t\t\t\t\t\t\t\t\t\t\t\t\t\t\t<\/div>\n\t\t\t\t\t<\/div>\n\t\t<\/div>\n\t\t\t\t<div class=\"elementor-column elementor-col-50 elementor-inner-column elementor-element elementor-element-e6ec86a\" data-id=\"e6ec86a\" data-element_type=\"column\">\n\t\t\t<div class=\"elementor-widget-wrap elementor-element-populated\">\n\t\t\t\t\t\t<div class=\"elementor-element elementor-element-78a1ed2 elementor-position-left block_quote elementor-vertical-align-top elementor-widget elementor-widget-image-box\" data-id=\"78a1ed2\" data-element_type=\"widget\" data-widget_type=\"image-box.default\">\n\t\t\t\t\t<div class=\"elementor-image-box-wrapper\"><figure class=\"elementor-image-box-img\"><img decoding=\"async\" src=\"https:\/\/webovkykladno.cz\/alabio\/wp-content\/uploads\/2024\/12\/icon_quote_40x32.png\" title=\"icon_quote_40x32\" alt=\"icon_quote_40x32\" loading=\"lazy\" \/><\/figure><div class=\"elementor-image-box-content\"><div class=\"elementor-image-box-title\">100denn\u00ed regenera\u010dn\u00ed program REVITA AlaBiO\u00ae nen\u00ed jen dal\u0161\u00edm dopl\u0148kem stravy \u2013 je to investice do va\u0161eho zdrav\u00ed a budoucnosti.<\/div><\/div><\/div>\t\t\t\t<\/div>\n\t\t\t\t\t<\/div>\n\t\t<\/div>\n\t\t\t\t\t<\/div>\n\t\t<\/section>\n\t\t\t\t\t<\/div>\n\t\t<\/div>\n\t\t\t\t\t<\/div>\n\t\t<\/section>\n\t\t\t\t<section class=\"elementor-section elementor-top-section elementor-element elementor-element-dcb88cb elementor-section-boxed elementor-section-height-default elementor-section-height-default\" data-id=\"dcb88cb\" data-element_type=\"section\">\n\t\t\t\t\t\t<div class=\"elementor-container elementor-column-gap-no\">\n\t\t\t\t\t<div class=\"elementor-column elementor-col-100 elementor-top-column elementor-element elementor-element-b2b88ac\" data-id=\"b2b88ac\" data-element_type=\"column\">\n\t\t\t<div class=\"elementor-widget-wrap elementor-element-populated\">\n\t\t\t\t\t\t<div class=\"elementor-element elementor-element-85e0078 elementor-widget-divider--view-line elementor-widget elementor-widget-divider\" data-id=\"85e0078\" data-element_type=\"widget\" data-widget_type=\"divider.default\">\n\t\t\t\t\t\t\t<div class=\"elementor-divider\">\n\t\t\t<span class=\"elementor-divider-separator\">\n\t\t\t\t\t\t<\/span>\n\t\t<\/div>\n\t\t\t\t\t\t<\/div>\n\t\t\t\t\t<\/div>\n\t\t<\/div>\n\t\t\t\t\t<\/div>\n\t\t<\/section>\n\t\t\t\t<\/div>\n\t\t","protected":false},"excerpt":{"rendered":"<p>Napsali o n\u00e1s Kde v\u0161ude se o n\u00e1s psalo? Statuss, TopClass, Zdrav\u00fd \u017eivotn\u00ed styl, Zdrav\u00ed,\u2026 \u010das od \u010dasu se n\u011bjak\u00fdm online i offline m\u00e9diem mihneme. Tady jsme v\u00e1m nachystali v\u00fdb\u011br toho nej. 100denn\u00ed regenera\u010dn\u00ed program REVITA AlaBiO\u00ae nen\u00ed jen dal\u0161\u00edm dopl\u0148kem stravy \u2013 je to investice do va\u0161eho zdrav\u00ed a budoucnosti.<\/p>\n","protected":false},"author":1,"featured_media":0,"parent":0,"menu_order":1,"comment_status":"closed","ping_status":"closed","template":"","meta":{"_acf_changed":false,"footnotes":""},"class_list":["post-11425","page","type-page","status-publish","hentry"],"acf":[],"_links":{"self":[{"href":"https:\/\/webovkykladno.cz\/alabio\/wp-json\/wp\/v2\/pages\/11425","targetHints":{"allow":["GET"]}}],"collection":[{"href":"https:\/\/webovkykladno.cz\/alabio\/wp-json\/wp\/v2\/pages"}],"about":[{"href":"https:\/\/webovkykladno.cz\/alabio\/wp-json\/wp\/v2\/types\/page"}],"author":[{"embeddable":true,"href":"https:\/\/webovkykladno.cz\/alabio\/wp-json\/wp\/v2\/users\/1"}],"replies":[{"embeddable":true,"href":"https:\/\/webovkykladno.cz\/alabio\/wp-json\/wp\/v2\/comments?post=11425"}],"version-history":[{"count":13,"href":"https:\/\/webovkykladno.cz\/alabio\/wp-json\/wp\/v2\/pages\/11425\/revisions"}],"predecessor-version":[{"id":11448,"href":"https:\/\/webovkykladno.cz\/alabio\/wp-json\/wp\/v2\/pages\/11425\/revisions\/11448"}],"wp:attachment":[{"href":"https:\/\/webovkykladno.cz\/alabio\/wp-json\/wp\/v2\/media?parent=11425"}],"curies":[{"name":"wp","href":"https:\/\/api.w.org\/{rel}","templated":true}]}}