{"id":1725,"date":"2010-07-25T19:40:01","date_gmt":"2010-07-26T02:40:01","guid":{"rendered":"https:\/\/wpthemetestdata.wordpress.com\/about\/"},"modified":"2025-07-30T21:22:49","modified_gmt":"2025-07-30T19:22:49","slug":"o-nas","status":"publish","type":"page","link":"https:\/\/webovkykladno.cz\/alabio\/o-nas\/","title":{"rendered":"O n\u00e1s"},"content":{"rendered":"\t\t<div data-elementor-type=\"wp-page\" data-elementor-id=\"1725\" class=\"elementor elementor-1725\">\n\t\t\t\t\t\t<section class=\"elementor-section elementor-top-section elementor-element elementor-element-1e59634 elementor-section-stretched elementor-section-boxed elementor-section-height-default elementor-section-height-default\" data-id=\"1e59634\" data-element_type=\"section\" data-settings=\"{&quot;stretch_section&quot;:&quot;section-stretched&quot;}\">\n\t\t\t\t\t\t<div class=\"elementor-container elementor-column-gap-default\">\n\t\t\t\t\t<div class=\"elementor-column elementor-col-100 elementor-top-column elementor-element elementor-element-1d1e359\" data-id=\"1d1e359\" data-element_type=\"column\">\n\t\t\t<div class=\"elementor-widget-wrap elementor-element-populated\">\n\t\t\t\t\t\t<div class=\"elementor-element elementor-element-5529938 elementor-widget elementor-widget-heading\" data-id=\"5529938\" data-element_type=\"widget\" data-widget_type=\"heading.default\">\n\t\t\t\t\t<div class=\"elementor-heading-title elementor-size-default\">\nP\u0159edstavujeme v\u00e1m revolu\u010dn\u00ed 100denn\u00ed regenera\u010dn\u00ed program REVITA AlaBiO\u00ae \u2013 dopln\u011bk stravy, kter\u00fd p\u0159in\u00e1\u0161\u00ed zcela novou dimenzi v oblasti bun\u011b\u010dn\u00e9 v\u00fd\u017eivy a regenerace. Tento jedine\u010dn\u00fd produkt je v\u00fdsledkem spojen\u00ed p\u0159\u00edrodn\u00edch sil a v\u011bdeck\u00e9ho pokroku, a je navr\u017een tak, aby v\u00e1m pomohl dos\u00e1hnout optim\u00e1ln\u00edho zdrav\u00ed a vitality.<\/div>\t\t\t\t<\/div>\n\t\t\t\t<div class=\"elementor-element elementor-element-50019bd elementor-widget elementor-widget-text-editor\" data-id=\"50019bd\" data-element_type=\"widget\" data-widget_type=\"text-editor.default\">\n\t\t\t\t\t\t\t\t\t<p style=\"text-align: justify;\">AlaBiO\u00ae je zalo\u017een na dvou kl\u00ed\u010dov\u00fdch slo\u017ek\u00e1ch, kter\u00e9 spole\u010dn\u011b tvo\u0159\u00ed synergick\u00fd celek. Prvn\u00ed slo\u017eka je extrahov\u00e1na z plodnic v\u00fdchodn\u00edho cedru, kter\u00fd roste pouze v panensk\u00e9 p\u0159\u00edrod\u011b poho\u0159\u00ed Sikhote-Alin. Tato oblast je zn\u00e1m\u00e1 svou \u010distotou a bohatstv\u00edm p\u0159\u00edrodn\u00edch zdroj\u016f. Bioaktivn\u00ed slo\u017eka obsahuje 134 p\u0159\u00edrodn\u00edch l\u00e1tek, v\u010detn\u011b vitam\u00edn\u016f, miner\u00e1l\u016f a dal\u0161\u00edch esenci\u00e1ln\u00edch komponent\u016f, kter\u00e9 jsou kl\u00ed\u010dov\u00e9 pro bun\u011b\u010dnou v\u00fd\u017eivu.<\/p>\t\t\t\t\t\t\t\t<\/div>\n\t\t\t\t<div class=\"elementor-element elementor-element-1a3da7b elementor-widget elementor-widget-text-editor\" data-id=\"1a3da7b\" data-element_type=\"widget\" data-widget_type=\"text-editor.default\">\n\t\t\t\t\t\t\t\t\t<p style=\"text-align: justify;\">Druh\u00e1 slo\u017eka, vy\u0161\u0161\u00ed forma alaptidu, je v\u00fdsledkem pr\u016flomov\u00e9ho v\u00fdzkumu v oblasti lidsk\u00e9 DNA. Alaptid je l\u00e1tka, kter\u00e1 aktivuje fyziologickou regeneraci bun\u011bk, co\u017e znamen\u00e1, \u017ee va\u0161e t\u011blo bude schopno efektivn\u011bji obnovovat a regenerovat sv\u00e9 tk\u00e1n\u011b. Tento proces je kl\u00ed\u010dov\u00fd pro udr\u017een\u00ed zdrav\u00ed a vitality na bun\u011b\u010dn\u00e9 \u00farovni.<\/p>\t\t\t\t\t\t\t\t<\/div>\n\t\t<div class=\"elementor-element elementor-element-37cf561 e-grid e-con-boxed e-con e-parent\" data-id=\"37cf561\" data-element_type=\"container\">\n\t\t\t\t\t<div class=\"e-con-inner\">\n\t\t\t\t<div class=\"elementor-element elementor-element-91f21b2 elementor-align-center elementor-widget elementor-widget-button\" data-id=\"91f21b2\" data-element_type=\"widget\" data-widget_type=\"button.default\">\n\t\t\t\t\t\t\t\t\t\t<a class=\"elementor-button elementor-button-link elementor-size-sm\" href=\"#\">\n\t\t\t\t\t\t<span class=\"elementor-button-content-wrapper\">\n\t\t\t\t\t\t<span class=\"elementor-button-icon\">\n\t\t\t\t<svg aria-hidden=\"true\" class=\"e-font-icon-svg e-far-arrow-alt-circle-right\" viewBox=\"0 0 512 512\" xmlns=\"http:\/\/www.w3.org\/2000\/svg\"><path d=\"M504 256C504 119 393 8 256 8S8 119 8 256s111 248 248 248 248-111 248-248zm-448 0c0-110.5 89.5-200 200-200s200 89.5 200 200-89.5 200-200 200S56 366.5 56 256zm72 20v-40c0-6.6 5.4-12 12-12h116v-67c0-10.7 12.9-16 20.5-8.5l99 99c4.7 4.7 4.7 12.3 0 17l-99 99c-7.6 7.6-20.5 2.2-20.5-8.5v-67H140c-6.6 0-12-5.4-12-12z\"><\/path><\/svg>\t\t\t<\/span>\n\t\t\t\t\t\t\t\t\t<span class=\"elementor-button-text\">V\u00edce informac\u00ed o cedru<\/span>\n\t\t\t\t\t<\/span>\n\t\t\t\t\t<\/a>\n\t\t\t\t\t\t\t\t<\/div>\n\t\t\t\t<div class=\"elementor-element elementor-element-e5ae113 elementor-align-center elementor-widget elementor-widget-button\" data-id=\"e5ae113\" data-element_type=\"widget\" data-widget_type=\"button.default\">\n\t\t\t\t\t\t\t\t\t\t<a class=\"elementor-button elementor-button-link elementor-size-sm\" href=\"#\">\n\t\t\t\t\t\t<span class=\"elementor-button-content-wrapper\">\n\t\t\t\t\t\t<span class=\"elementor-button-icon\">\n\t\t\t\t<svg aria-hidden=\"true\" class=\"e-font-icon-svg e-far-arrow-alt-circle-right\" viewBox=\"0 0 512 512\" xmlns=\"http:\/\/www.w3.org\/2000\/svg\"><path d=\"M504 256C504 119 393 8 256 8S8 119 8 256s111 248 248 248 248-111 248-248zm-448 0c0-110.5 89.5-200 200-200s200 89.5 200 200-89.5 200-200 200S56 366.5 56 256zm72 20v-40c0-6.6 5.4-12 12-12h116v-67c0-10.7 12.9-16 20.5-8.5l99 99c4.7 4.7 4.7 12.3 0 17l-99 99c-7.6 7.6-20.5 2.2-20.5-8.5v-67H140c-6.6 0-12-5.4-12-12z\"><\/path><\/svg>\t\t\t<\/span>\n\t\t\t\t\t\t\t\t\t<span class=\"elementor-button-text\">V\u00edce informac\u00ed o alaptidu<\/span>\n\t\t\t\t\t<\/span>\n\t\t\t\t\t<\/a>\n\t\t\t\t\t\t\t\t<\/div>\n\t\t\t\t\t<\/div>\n\t\t\t\t<\/div>\n\t\t\t\t\t<\/div>\n\t\t<\/div>\n\t\t\t\t\t<\/div>\n\t\t<\/section>\n\t\t\t\t<section class=\"elementor-section elementor-top-section elementor-element elementor-element-f315338 elementor-section-stretched elementor-section-boxed elementor-section-height-default elementor-section-height-default\" data-id=\"f315338\" data-element_type=\"section\" data-settings=\"{&quot;stretch_section&quot;:&quot;section-stretched&quot;}\">\n\t\t\t\t\t\t<div class=\"elementor-container elementor-column-gap-default\">\n\t\t\t\t\t<div class=\"elementor-column elementor-col-100 elementor-top-column elementor-element elementor-element-6b51dde\" data-id=\"6b51dde\" data-element_type=\"column\" data-settings=\"{&quot;background_background&quot;:&quot;classic&quot;}\">\n\t\t\t<div class=\"elementor-widget-wrap elementor-element-populated\">\n\t\t\t\t\t\t<section class=\"elementor-section elementor-inner-section elementor-element elementor-element-98866d5 elementor-section-full_width elementor-section-height-default elementor-section-height-default\" data-id=\"98866d5\" data-element_type=\"section\">\n\t\t\t\t\t\t\t<div class=\"elementor-background-overlay\"><\/div>\n\t\t\t\t\t\t\t<div class=\"elementor-container elementor-column-gap-default\">\n\t\t\t\t\t<div class=\"elementor-column elementor-col-50 elementor-inner-column elementor-element elementor-element-7afa9ff\" data-id=\"7afa9ff\" data-element_type=\"column\">\n\t\t\t<div class=\"elementor-widget-wrap elementor-element-populated\">\n\t\t\t\t\t\t<div class=\"elementor-element elementor-element-8fbd747 elementor-widget elementor-widget-image\" data-id=\"8fbd747\" data-element_type=\"widget\" data-widget_type=\"image.default\">\n\t\t\t\t\t\t\t\t\t\t\t\t\t\t\t<img decoding=\"async\" width=\"206\" height=\"212\" src=\"https:\/\/webovkykladno.cz\/alabio\/wp-content\/uploads\/2024\/12\/quote.png\" class=\"attachment-full size-full wp-image-11038\" alt=\"\" \/>\t\t\t\t\t\t\t\t\t\t\t\t\t\t\t<\/div>\n\t\t\t\t\t<\/div>\n\t\t<\/div>\n\t\t\t\t<div class=\"elementor-column elementor-col-50 elementor-inner-column elementor-element elementor-element-e6ec86a\" data-id=\"e6ec86a\" data-element_type=\"column\">\n\t\t\t<div class=\"elementor-widget-wrap elementor-element-populated\">\n\t\t\t\t\t\t<div class=\"elementor-element elementor-element-78a1ed2 elementor-position-left block_quote elementor-vertical-align-top elementor-widget elementor-widget-image-box\" data-id=\"78a1ed2\" data-element_type=\"widget\" data-widget_type=\"image-box.default\">\n\t\t\t\t\t<div class=\"elementor-image-box-wrapper\"><figure class=\"elementor-image-box-img\"><img decoding=\"async\" src=\"https:\/\/webovkykladno.cz\/alabio\/wp-content\/uploads\/2024\/12\/icon_quote_40x32.png\" title=\"icon_quote_40x32\" alt=\"icon_quote_40x32\" loading=\"lazy\" \/><\/figure><div class=\"elementor-image-box-content\"><div class=\"elementor-image-box-title\">100denn\u00ed regenera\u010dn\u00ed program REVITA AlaBiO\u00ae nen\u00ed jen dal\u0161\u00edm dopl\u0148kem stravy \u2013 je to investice do va\u0161eho zdrav\u00ed a budoucnosti.<\/div><\/div><\/div>\t\t\t\t<\/div>\n\t\t\t\t\t<\/div>\n\t\t<\/div>\n\t\t\t\t\t<\/div>\n\t\t<\/section>\n\t\t\t\t\t<\/div>\n\t\t<\/div>\n\t\t\t\t\t<\/div>\n\t\t<\/section>\n\t\t\t\t<section class=\"elementor-section elementor-top-section elementor-element elementor-element-dcb88cb elementor-section-boxed elementor-section-height-default elementor-section-height-default\" data-id=\"dcb88cb\" data-element_type=\"section\">\n\t\t\t\t\t\t<div class=\"elementor-container elementor-column-gap-no\">\n\t\t\t\t\t<div class=\"elementor-column elementor-col-100 elementor-top-column elementor-element elementor-element-b2b88ac\" data-id=\"b2b88ac\" data-element_type=\"column\">\n\t\t\t<div class=\"elementor-widget-wrap elementor-element-populated\">\n\t\t\t\t\t\t<div class=\"elementor-element elementor-element-85e0078 elementor-widget-divider--view-line elementor-widget elementor-widget-divider\" data-id=\"85e0078\" data-element_type=\"widget\" data-widget_type=\"divider.default\">\n\t\t\t\t\t\t\t<div class=\"elementor-divider\">\n\t\t\t<span class=\"elementor-divider-separator\">\n\t\t\t\t\t\t<\/span>\n\t\t<\/div>\n\t\t\t\t\t\t<\/div>\n\t\t\t\t\t<\/div>\n\t\t<\/div>\n\t\t\t\t\t<\/div>\n\t\t<\/section>\n\t\t\t\t<\/div>\n\t\t","protected":false},"excerpt":{"rendered":"<p>P\u0159edstavujeme v\u00e1m revolu\u010dn\u00ed 100denn\u00ed regenera\u010dn\u00ed program REVITA AlaBiO\u00ae \u2013 dopln\u011bk stravy, kter\u00fd p\u0159in\u00e1\u0161\u00ed zcela novou dimenzi v oblasti bun\u011b\u010dn\u00e9 v\u00fd\u017eivy a regenerace. Tento jedine\u010dn\u00fd produkt je v\u00fdsledkem spojen\u00ed p\u0159\u00edrodn\u00edch sil a v\u011bdeck\u00e9ho pokroku, a je navr\u017een tak, aby v\u00e1m pomohl dos\u00e1hnout optim\u00e1ln\u00edho zdrav\u00ed a vitality. AlaBiO\u00ae je zalo\u017een na dvou kl\u00ed\u010dov\u00fdch slo\u017ek\u00e1ch, kter\u00e9 spole\u010dn\u011b tvo\u0159\u00ed [&hellip;]<\/p>\n","protected":false},"author":1,"featured_media":0,"parent":0,"menu_order":1,"comment_status":"closed","ping_status":"closed","template":"","meta":{"_acf_changed":false,"footnotes":""},"class_list":["post-1725","page","type-page","status-publish","hentry"],"acf":[],"_links":{"self":[{"href":"https:\/\/webovkykladno.cz\/alabio\/wp-json\/wp\/v2\/pages\/1725","targetHints":{"allow":["GET"]}}],"collection":[{"href":"https:\/\/webovkykladno.cz\/alabio\/wp-json\/wp\/v2\/pages"}],"about":[{"href":"https:\/\/webovkykladno.cz\/alabio\/wp-json\/wp\/v2\/types\/page"}],"author":[{"embeddable":true,"href":"https:\/\/webovkykladno.cz\/alabio\/wp-json\/wp\/v2\/users\/1"}],"replies":[{"embeddable":true,"href":"https:\/\/webovkykladno.cz\/alabio\/wp-json\/wp\/v2\/comments?post=1725"}],"version-history":[{"count":17,"href":"https:\/\/webovkykladno.cz\/alabio\/wp-json\/wp\/v2\/pages\/1725\/revisions"}],"predecessor-version":[{"id":11236,"href":"https:\/\/webovkykladno.cz\/alabio\/wp-json\/wp\/v2\/pages\/1725\/revisions\/11236"}],"wp:attachment":[{"href":"https:\/\/webovkykladno.cz\/alabio\/wp-json\/wp\/v2\/media?parent=1725"}],"curies":[{"name":"wp","href":"https:\/\/api.w.org\/{rel}","templated":true}]}}