{"id":10484,"date":"2024-10-18T11:05:56","date_gmt":"2024-10-18T04:05:56","guid":{"rendered":"https:\/\/one.risingbamboo.com\/?post_type=product&#038;p=10484"},"modified":"2025-09-07T19:49:53","modified_gmt":"2025-09-07T17:49:53","slug":"100denni-regeneracni-program-revita-alabio","status":"publish","type":"product","link":"https:\/\/webovkykladno.cz\/alabio\/shop\/alabio\/100denni-regeneracni-program-revita-alabio\/","title":{"rendered":"100denn\u00ed regenera\u010dn\u00ed program REVITA AlaBiO\u00ae"},"content":{"rendered":"<h3 class=\"py-4 text-bodybold14\">Pro\u010d si vybrat 100denn\u00ed program REVITA AlaBiO\u00ae?<\/h3>\n<h4 class=\"py-4 text-bodybold14\">1. <strong>Unik\u00e1tn\u00ed slo\u017een\u00ed s prok\u00e1zan\u00fdmi \u00fa\u010dinky<\/strong><\/h4>\n<p class=\"pb-2\">REVITA AlaBiO\u00ae kombinuje patentovan\u00e9 ingredience s p\u0159\u00edrodn\u00edmi l\u00e1tkami, kter\u00e9 byly pe\u010dliv\u011b vybr\u00e1ny na z\u00e1klad\u011b \u0159ady klinick\u00fdch studi\u00ed. Ka\u017ed\u00e1 slo\u017eka je zde s d\u016fvodem \u2013 pro podporu va\u0161eho zdrav\u00ed a regeneraci organismu.<\/p>\n<h4 class=\"py-4 text-bodybold14\">2. <strong>\u0158\u00edzen\u00e1 regenerace<\/strong><\/h4>\n<p class=\"pb-2\">Tento program je navr\u017een tak, aby systematicky obnovoval va\u0161e t\u011blo b\u011bhem 100 dn\u00ed. Ka\u017ed\u00fd den je krokem k lep\u0161\u00edmu zdrav\u00ed, s jasn\u011b definovan\u00fdmi f\u00e1zemi, kter\u00e9 podporuj\u00ed detoxikaci, regeneraci bun\u011bk a celkovou revitalizaci.<\/p>\n<h4 class=\"py-4 text-bodybold14\">3. <strong>Omlazen\u00ed organismu<\/strong><\/h4>\n<p class=\"pb-2\">C\u00edt\u00edte se unaven\u00ed a bez energie? REVITA AlaBiO\u00ae je kl\u00ed\u010dem k omlazen\u00ed va\u0161eho t\u011bla. D\u00edky sv\u00e9mu slo\u017een\u00ed pom\u00e1h\u00e1 zlep\u0161ovat funkci imunitn\u00edho syst\u00e9mu, zvy\u0161ovat energii a podporovat zdrav\u00ed poko\u017eky, vlas\u016f a neht\u016f.<\/p>\n<h4 class=\"py-4 text-bodybold14\">4. <strong>Podpora zdrav\u00ed na bun\u011b\u010dn\u00e9 \u00farovni<\/strong><\/h4>\n<p class=\"pb-2\">Na\u0161e t\u011blo je slo\u017eeno z bilion\u016f bun\u011bk, kter\u00e9 pot\u0159ebuj\u00ed spr\u00e1vnou v\u00fd\u017eivu a p\u00e9\u010di. REVITA AlaBiO\u00ae poskytuje esenci\u00e1ln\u00ed \u017eiviny, kter\u00e9 podporuj\u00ed zdrav\u00ed bun\u011bk a pom\u00e1haj\u00ed p\u0159edch\u00e1zet jejich po\u0161kozen\u00ed.<\/p>\n<h4 class=\"py-4 text-bodybold14\">5. <strong>Jednoduch\u00e9 pou\u017eit\u00ed<\/strong><\/h4>\n<p class=\"pb-2\">Program je navr\u017een tak, aby byl snadno za\u010dleniteln\u00fd do va\u0161eho ka\u017edodenn\u00edho \u017eivota. Sta\u010d\u00ed sledovat jednoduch\u00e9 pokyny a nechat REVITA AlaBiO\u00ae pracovat za v\u00e1s.<\/p>\n<h3 class=\"py-4 text-bodybold14\">Nej\u010dast\u011bj\u0161\u00ed ot\u00e1zky a odpov\u011bdi<\/h3>\n<p class=\"pb-2\"><strong>Jak dlouho trv\u00e1, ne\u017e uvid\u00edm v\u00fdsledky?<\/strong> Prvn\u00ed pozitivn\u00ed zm\u011bny m\u016f\u017eete zaznamenat ji\u017e b\u011bhem prvn\u00edch t\u00fddn\u016f. Pln\u00e9 \u00fa\u010dinky programu se projev\u00ed po dokon\u010den\u00ed cel\u00e9ho 100denn\u00edho cyklu.<\/p>\n<p class=\"pb-2\"><strong>Je program vhodn\u00fd pro ka\u017ed\u00e9ho?<\/strong> REVITA AlaBiO\u00ae je vhodn\u00fd pro dosp\u011bl\u00e9, kte\u0159\u00ed cht\u011bj\u00ed zlep\u0161it sv\u00e9 zdrav\u00ed a vitalitu. Pokud m\u00e1te specifick\u00e9 zdravotn\u00ed probl\u00e9my nebo u\u017e\u00edv\u00e1te l\u00e9ky, doporu\u010dujeme konzultaci s l\u00e9ka\u0159em.<\/p>\n<p class=\"pb-2\"><strong>Jak\u00e9 jsou hlavn\u00ed slo\u017eky programu?<\/strong> Program obsahuje kombinaci patentovan\u00fdch ingredienc\u00ed a p\u0159\u00edrodn\u00edch l\u00e1tek, jako jsou antioxidanty, vitam\u00edny, miner\u00e1ly a dal\u0161\u00ed esenci\u00e1ln\u00ed \u017eiviny.<\/p>\n<p class=\"pb-2\"><strong>Existuj\u00ed n\u011bjak\u00e9 vedlej\u0161\u00ed \u00fa\u010dinky?<\/strong> REVITA AlaBiO\u00ae je formulov\u00e1n tak, aby byl bezpe\u010dn\u00fd a efektivn\u00ed. V\u011bt\u0161ina u\u017eivatel\u016f nehl\u00e1s\u00ed \u017e\u00e1dn\u00e9 vedlej\u0161\u00ed \u00fa\u010dinky. Pokud byste v\u0161ak zaznamenali jak\u00e9koli neobvykl\u00e9 reakce, p\u0159esta\u0148te produkt u\u017e\u00edvat a pora\u010fte se s l\u00e9ka\u0159em.<\/p>\n<h3 class=\"py-4 text-bodybold14\">Z\u00e1v\u011br<\/h3>\n<p class=\"pb-2\">Nenechte si uj\u00edt p\u0159\u00edle\u017eitost prom\u011bnit sv\u016fj \u017eivot s 100denn\u00edm programem REVITA AlaBiO\u00ae. Investujte do sv\u00e9ho zdrav\u00ed a za\u017eijte pocit revitalizace a omlazen\u00ed. Objednejte si sv\u016fj program je\u0161t\u011b dnes a za\u010dn\u011bte cestu k lep\u0161\u00edmu j\u00e1!<\/p>\n","protected":false},"excerpt":{"rendered":"<p style=\"text-align: justify;\">P\u0159edstavujeme v\u00e1m revolu\u010dn\u00ed 100denn\u00ed program REVITA AlaBiO\u00ae \u2013 kl\u00ed\u010d k va\u0161emu zdrav\u00ed a vitalit\u011b! Tento modern\u00ed dopln\u011bk stravy nov\u00e9 generace je navr\u017een tak, aby p\u0159inesl \u0159\u00edzenou regeneraci va\u0161eho t\u011bla a mysli. Pokud hled\u00e1te zp\u016fsob, jak obnovit svou energii, zlep\u0161it celkov\u00e9 zdrav\u00ed a c\u00edtit se mlad\u0161\u00ed, pak je tento program p\u0159esn\u011b pro v\u00e1s.<\/p>\n","protected":false},"featured_media":11269,"comment_status":"open","ping_status":"closed","template":"","meta":{"_acf_changed":false},"product_brand":[78],"product_cat":[113],"product_tag":[114,115,117,116],"class_list":{"0":"post-10484","1":"product","2":"type-product","3":"status-publish","4":"has-post-thumbnail","6":"product_brand-leaflux","7":"product_cat-alabio","8":"product_tag-alabio","9":"product_tag-cedr","10":"product_tag-kazeta","11":"product_tag-vyziva","12":"product_shipping_class-shipping-class-01","14":"first","15":"instock","16":"shipping-taxable","17":"purchasable","18":"product-type-simple"},"acf":[],"_links":{"self":[{"href":"https:\/\/webovkykladno.cz\/alabio\/wp-json\/wp\/v2\/product\/10484","targetHints":{"allow":["GET"]}}],"collection":[{"href":"https:\/\/webovkykladno.cz\/alabio\/wp-json\/wp\/v2\/product"}],"about":[{"href":"https:\/\/webovkykladno.cz\/alabio\/wp-json\/wp\/v2\/types\/product"}],"replies":[{"embeddable":true,"href":"https:\/\/webovkykladno.cz\/alabio\/wp-json\/wp\/v2\/comments?post=10484"}],"version-history":[{"count":3,"href":"https:\/\/webovkykladno.cz\/alabio\/wp-json\/wp\/v2\/product\/10484\/revisions"}],"predecessor-version":[{"id":11274,"href":"https:\/\/webovkykladno.cz\/alabio\/wp-json\/wp\/v2\/product\/10484\/revisions\/11274"}],"wp:featuredmedia":[{"embeddable":true,"href":"https:\/\/webovkykladno.cz\/alabio\/wp-json\/wp\/v2\/media\/11269"}],"wp:attachment":[{"href":"https:\/\/webovkykladno.cz\/alabio\/wp-json\/wp\/v2\/media?parent=10484"}],"wp:term":[{"taxonomy":"product_brand","embeddable":true,"href":"https:\/\/webovkykladno.cz\/alabio\/wp-json\/wp\/v2\/product_brand?post=10484"},{"taxonomy":"product_cat","embeddable":true,"href":"https:\/\/webovkykladno.cz\/alabio\/wp-json\/wp\/v2\/product_cat?post=10484"},{"taxonomy":"product_tag","embeddable":true,"href":"https:\/\/webovkykladno.cz\/alabio\/wp-json\/wp\/v2\/product_tag?post=10484"}],"curies":[{"name":"wp","href":"https:\/\/api.w.org\/{rel}","templated":true}]}}